{"id":3864,"date":"2025-06-26T12:42:56","date_gmt":"2025-06-26T11:42:56","guid":{"rendered":"https:\/\/s-mammut.com\/?page_id=3864"},"modified":"2025-06-26T12:57:43","modified_gmt":"2025-06-26T11:57:43","slug":"s-mammut-xs-6","status":"publish","type":"page","link":"https:\/\/s-mammut.com\/de\/s-mammut-xs-6\/","title":{"rendered":"s-mammut xS 6"},"content":{"rendered":"<div data-elementor-type=\"wp-page\" data-elementor-id=\"3864\" class=\"elementor elementor-3864\">\n\t\t\t\t<div class=\"elementor-element elementor-element-236fae8 e-flex e-con-boxed e-con e-parent\" data-id=\"236fae8\" data-element_type=\"container\" data-e-type=\"container\">\n\t\t\t\t\t<div class=\"e-con-inner\">\n\t\t<div class=\"elementor-element elementor-element-fd7e19a e-con-full e-flex e-con e-child\" data-id=\"fd7e19a\" data-element_type=\"container\" data-e-type=\"container\">\n\t\t\t\t<div class=\"elementor-element elementor-element-6573b32 elementor-widget-divider--view-line elementor-widget elementor-widget-divider\" data-id=\"6573b32\" data-element_type=\"widget\" data-e-type=\"widget\" data-widget_type=\"divider.default\">\n\t\t\t\t<div class=\"elementor-widget-container\">\n\t\t\t\t\t\t\t<div class=\"elementor-divider\">\n\t\t\t<span class=\"elementor-divider-separator\">\n\t\t\t\t\t\t<\/span>\n\t\t<\/div>\n\t\t\t\t\t\t<\/div>\n\t\t\t\t<\/div>\n\t\t<div class=\"elementor-element elementor-element-89416f0 e-con-full e-flex e-con e-child\" data-id=\"89416f0\" data-element_type=\"container\" data-e-type=\"container\">\n\t\t<div class=\"elementor-element elementor-element-22e7b0f e-con-full e-flex e-con e-child\" data-id=\"22e7b0f\" data-element_type=\"container\" data-e-type=\"container\">\n\t\t\t\t<div class=\"elementor-element elementor-element-1113697 elementor-widget elementor-widget-heading\" data-id=\"1113697\" data-element_type=\"widget\" data-e-type=\"widget\" data-widget_type=\"heading.default\">\n\t\t\t\t<div class=\"elementor-widget-container\">\n\t\t\t\t\t<h2 class=\"elementor-heading-title elementor-size-default\">S-Mammut XS6\n<\/h2>\t\t\t\t<\/div>\n\t\t\t\t<\/div>\n\t\t\t\t<div class=\"elementor-element elementor-element-f558db7 elementor-widget elementor-widget-image\" data-id=\"f558db7\" data-element_type=\"widget\" data-e-type=\"widget\" data-widget_type=\"image.default\">\n\t\t\t\t<div class=\"elementor-widget-container\">\n\t\t\t\t\t\t\t\t\t\t\t\t\t\t\t<img fetchpriority=\"high\" decoding=\"async\" width=\"835\" height=\"1024\" src=\"https:\/\/s-mammut.com\/wp-content\/uploads\/2025\/06\/s-mammut-sx6-835x1024.jpg\" class=\"attachment-large size-large wp-image-3866\" alt=\"\" srcset=\"https:\/\/s-mammut.com\/wp-content\/uploads\/2025\/06\/s-mammut-sx6-835x1024.jpg 835w, https:\/\/s-mammut.com\/wp-content\/uploads\/2025\/06\/s-mammut-sx6-245x300.jpg 245w, https:\/\/s-mammut.com\/wp-content\/uploads\/2025\/06\/s-mammut-sx6-768x942.jpg 768w, https:\/\/s-mammut.com\/wp-content\/uploads\/2025\/06\/s-mammut-sx6-10x12.jpg 10w, https:\/\/s-mammut.com\/wp-content\/uploads\/2025\/06\/s-mammut-sx6.jpg 1080w\" sizes=\"(max-width: 835px) 100vw, 835px\" \/>\t\t\t\t\t\t\t\t\t\t\t\t\t\t\t<\/div>\n\t\t\t\t<\/div>\n\t\t\t\t<div class=\"elementor-element elementor-element-65e362a elementor-widget elementor-widget-text-editor\" data-id=\"65e362a\" data-element_type=\"widget\" data-e-type=\"widget\" data-widget_type=\"text-editor.default\">\n\t\t\t\t<div class=\"elementor-widget-container\">\n\t\t\t\t\t\t\t\t\t<p>Ova kompaktna ma\u0161ina za \u010di\u0161\u0107enje je idealno re\u0161enje za odr\u017eavanje higijene u prostorima srednje veli\u010dine, kao \u0161to su kancelarije, prodavnice, \u010dekaonice, hodnici, kafi\u0107i ili \u010dak ve\u0107e stambene jedinice. Njen dizajn sugeri\u0161e lako\u0107u kori\u0161\u0107enja i manevrisanja, \u0161to je klju\u010dno za efikasno \u010di\u0161\u0107enje oko name\u0161taja i u u\u017eim prolazima.<br \/>Crveno-siva kombinacija boja daje joj moderan i prepoznatljiv izgled. Prisustvo okruglih \u010detki na dnu ukazuje na sposobnost temeljnog \u010di\u0161\u0107enja i ribanja podova, uz upotrebu vode i deterd\u017eenta. Ma\u0161ina u radu je tiha, \u0161to je prednost u okru\u017eenjima gde je buka nepo\u017eeljna.<\/p>\t\t\t\t\t\t\t\t<\/div>\n\t\t\t\t<\/div>\n\t\t\t\t<div class=\"elementor-element elementor-element-4321b26 elementor-position-inline-start elementor-view-default elementor-mobile-position-block-start elementor-widget elementor-widget-icon-box\" data-id=\"4321b26\" data-element_type=\"widget\" data-e-type=\"widget\" data-widget_type=\"icon-box.default\">\n\t\t\t\t<div class=\"elementor-widget-container\">\n\t\t\t\t\t\t\t<div class=\"elementor-icon-box-wrapper\">\n\n\t\t\t\t\t\t<div class=\"elementor-icon-box-icon\">\n\t\t\t\t<span  class=\"elementor-icon\">\n\t\t\t\t<svg aria-hidden=\"true\" class=\"e-font-icon-svg e-far-file-pdf\" viewbox=\"0 0 384 512\" xmlns=\"http:\/\/www.w3.org\/2000\/svg\"><path d=\"M369.9 97.9L286 14C277 5 264.8-.1 252.1-.1H48C21.5 0 0 21.5 0 48v416c0 26.5 21.5 48 48 48h288c26.5 0 48-21.5 48-48V131.9c0-12.7-5.1-25-14.1-34zM332.1 128H256V51.9l76.1 76.1zM48 464V48h160v104c0 13.3 10.7 24 24 24h104v288H48zm250.2-143.7c-12.2-12-47-8.7-64.4-6.5-17.2-10.5-28.7-25-36.8-46.3 3.9-16.1 10.1-40.6 5.4-56-4.2-26.2-37.8-23.6-42.6-5.9-4.4 16.1-.4 38.5 7 67.1-10 23.9-24.9 56-35.4 74.4-20 10.3-47 26.2-51 46.2-3.3 15.8 26 55.2 76.1-31.2 22.4-7.4 46.8-16.5 68.4-20.1 18.9 10.2 41 17 55.8 17 25.5 0 28-28.2 17.5-38.7zm-198.1 77.8c5.1-13.7 24.5-29.5 30.4-35-19 30.3-30.4 35.7-30.4 35zm81.6-190.6c7.4 0 6.7 32.1 1.8 40.8-4.4-13.9-4.3-40.8-1.8-40.8zm-24.4 136.6c9.7-16.9 18-37 24.7-54.7 8.3 15.1 18.9 27.2 30.1 35.5-20.8 4.3-38.9 13.1-54.8 19.2zm131.6-5s-5 6-37.3-7.8c35.1-2.6 40.9 5.4 37.3 7.8z\"><\/path><\/svg>\t\t\t\t<\/span>\n\t\t\t<\/div>\n\t\t\t\n\t\t\t\t\t\t<div class=\"elementor-icon-box-content\">\n\n\t\t\t\t\t\t\t\t\t<h3 class=\"elementor-icon-box-title\">\n\t\t\t\t\t\t<span  >\n\t\t\t\t\t\t\tPREUZMI PDF KATALOG\t\t\t\t\t\t<\/span>\n\t\t\t\t\t<\/h3>\n\t\t\t\t\n\t\t\t\t\n\t\t\t<\/div>\n\t\t\t\n\t\t<\/div>\n\t\t\t\t\t\t<\/div>\n\t\t\t\t<\/div>\n\t\t\t\t<\/div>\n\t\t\t\t<\/div>\n\t\t\t\t<\/div>\n\t\t\t\t\t<\/div>\n\t\t\t\t<\/div>\n\t\t<div class=\"elementor-element elementor-element-3bb2880 e-flex e-con-boxed e-con e-parent\" data-id=\"3bb2880\" data-element_type=\"container\" data-e-type=\"container\">\n\t\t\t\t\t<div class=\"e-con-inner\">\n\t\t<div class=\"elementor-element elementor-element-700224c e-con-full e-flex e-con e-child\" data-id=\"700224c\" data-element_type=\"container\" data-e-type=\"container\">\n\t\t\t\t<div class=\"elementor-element elementor-element-bf734b3 elementor-widget elementor-widget-image\" data-id=\"bf734b3\" data-element_type=\"widget\" data-e-type=\"widget\" data-widget_type=\"image.default\">\n\t\t\t\t<div class=\"elementor-widget-container\">\n\t\t\t\t\t\t\t\t\t\t\t\t\t\t\t<img decoding=\"async\" width=\"1024\" height=\"718\" src=\"https:\/\/s-mammut.com\/wp-content\/uploads\/2025\/06\/XS6-MALA-1024x718.jpg\" class=\"attachment-large size-large wp-image-3873\" alt=\"\" srcset=\"https:\/\/s-mammut.com\/wp-content\/uploads\/2025\/06\/XS6-MALA-1024x718.jpg 1024w, https:\/\/s-mammut.com\/wp-content\/uploads\/2025\/06\/XS6-MALA-300x210.jpg 300w, https:\/\/s-mammut.com\/wp-content\/uploads\/2025\/06\/XS6-MALA-768x538.jpg 768w, https:\/\/s-mammut.com\/wp-content\/uploads\/2025\/06\/XS6-MALA-18x12.jpg 18w, https:\/\/s-mammut.com\/wp-content\/uploads\/2025\/06\/XS6-MALA.jpg 1200w\" sizes=\"(max-width: 1024px) 100vw, 1024px\" \/>\t\t\t\t\t\t\t\t\t\t\t\t\t\t\t<\/div>\n\t\t\t\t<\/div>\n\t\t\t\t<\/div>\n\t\t<div class=\"elementor-element elementor-element-99d31da e-con-full e-flex e-con e-child\" data-id=\"99d31da\" data-element_type=\"container\" data-e-type=\"container\">\n\t\t\t\t<div class=\"elementor-element elementor-element-141a3fe elementor-widget elementor-widget-text-editor\" data-id=\"141a3fe\" data-element_type=\"widget\" data-e-type=\"widget\" data-widget_type=\"text-editor.default\">\n\t\t\t\t<div class=\"elementor-widget-container\">\n\t\t\t\t\t\t\t\t\t<p>\n<table id=\"tablepress-1\" class=\"tablepress tablepress-id-1\">\n<tbody class=\"row-striping row-hover\">\n<tr class=\"row-1\">\n\t<td class=\"column-1\">MODEL<\/td><td class=\"column-2\">XS 6<\/td>\n<\/tr>\n<tr class=\"row-2\">\n\t<td class=\"column-1\">KAPACITET BREZERVOARA<\/td><td class=\"column-2\">5L \/6L<\/td>\n<\/tr>\n<tr class=\"row-3\">\n\t<td class=\"column-1\">VAKUM MOTOR<\/td><td class=\"column-2\">70 W<\/td>\n<\/tr>\n<tr class=\"row-4\">\n\t<td class=\"column-1\">MOTOR \u010cETKI<\/td><td class=\"column-2\">100 W<\/td>\n<\/tr>\n<tr class=\"row-5\">\n\t<td class=\"column-1\">BATERIJA<\/td><td class=\"column-2\">24V \/6Ah<\/td>\n<\/tr>\n<tr class=\"row-6\">\n\t<td class=\"column-1\">VREME OPERATIVNOG RADA<\/td><td class=\"column-2\">1,2 h<\/td>\n<\/tr>\n<tr class=\"row-7\">\n\t<td class=\"column-1\">TE\u017dINA<\/td><td class=\"column-2\">10 kg<\/td>\n<\/tr>\n<tr class=\"row-8\">\n\t<td class=\"column-1\">VELI\u010cINA PROZVODA<\/td><td class=\"column-2\">413*428*1080 mm<\/td>\n<\/tr>\n<tr class=\"row-9\">\n\t<td class=\"column-1\">VELI\u010cINA PAKOVANJA<\/td><td class=\"column-2\">522*460*432 mm<\/td>\n<\/tr>\n<\/tbody>\n<\/table>\n<!-- #tablepress-1 from cache --><\/p>\t\t\t\t\t\t\t\t<\/div>\n\t\t\t\t<\/div>\n\t\t\t\t<\/div>\n\t\t\t\t\t<\/div>\n\t\t\t\t<\/div>\n\t\t\t\t<\/div>","protected":false},"excerpt":{"rendered":"<p>S-Mammut XS6 Ova kompaktna ma\u0161ina za \u010di\u0161\u0107enje je idealno re\u0161enje za odr\u017eavanje higijene u prostorima srednje veli\u010dine, kao \u0161to su [&hellip;]<\/p>","protected":false},"author":3,"featured_media":0,"parent":0,"menu_order":0,"comment_status":"closed","ping_status":"closed","template":"","meta":{"site-sidebar-layout":"no-sidebar","site-content-layout":"page-builder","ast-site-content-layout":"full-width-container","site-content-style":"unboxed","site-sidebar-style":"unboxed","ast-global-header-display":"","ast-banner-title-visibility":"","ast-main-header-display":"","ast-hfb-above-header-display":"","ast-hfb-below-header-display":"","ast-hfb-mobile-header-display":"","site-post-title":"disabled","ast-breadcrumbs-content":"","ast-featured-img":"disabled","footer-sml-layout":"","theme-transparent-header-meta":"","adv-header-id-meta":"","stick-header-meta":"","header-above-stick-meta":"","header-main-stick-meta":"","header-below-stick-meta":"","astra-migrate-meta-layouts":"set","ast-page-background-enabled":"default","ast-page-background-meta":{"desktop":{"background-color":"","background-image":"","background-repeat":"repeat","background-position":"center center","background-size":"auto","background-attachment":"scroll","background-type":"","background-media":"","overlay-type":"","overlay-color":"","overlay-opacity":"","overlay-gradient":""},"tablet":{"background-color":"","background-image":"","background-repeat":"repeat","background-position":"center center","background-size":"auto","background-attachment":"scroll","background-type":"","background-media":"","overlay-type":"","overlay-color":"","overlay-opacity":"","overlay-gradient":""},"mobile":{"background-color":"","background-image":"","background-repeat":"repeat","background-position":"center center","background-size":"auto","background-attachment":"scroll","background-type":"","background-media":"","overlay-type":"","overlay-color":"","overlay-opacity":"","overlay-gradient":""}},"ast-content-background-meta":{"desktop":{"background-color":"var(--ast-global-color-5)","background-image":"","background-repeat":"repeat","background-position":"center center","background-size":"auto","background-attachment":"scroll","background-type":"","background-media":"","overlay-type":"","overlay-color":"","overlay-opacity":"","overlay-gradient":""},"tablet":{"background-color":"var(--ast-global-color-5)","background-image":"","background-repeat":"repeat","background-position":"center center","background-size":"auto","background-attachment":"scroll","background-type":"","background-media":"","overlay-type":"","overlay-color":"","overlay-opacity":"","overlay-gradient":""},"mobile":{"background-color":"var(--ast-global-color-5)","background-image":"","background-repeat":"repeat","background-position":"center center","background-size":"auto","background-attachment":"scroll","background-type":"","background-media":"","overlay-type":"","overlay-color":"","overlay-opacity":"","overlay-gradient":""}},"_themeisle_gutenberg_block_has_review":false,"footnotes":""},"class_list":["post-3864","page","type-page","status-publish","hentry"],"yoast_head":"<!-- This site is optimized with the Yoast SEO plugin v25.3.1 - https:\/\/yoast.com\/wordpress\/plugins\/seo\/ -->\n<title>s-mammut xS 6 - S Mammut Serbia<\/title>\n<meta name=\"robots\" content=\"index, follow, max-snippet:-1, max-image-preview:large, max-video-preview:-1\" \/>\n<link rel=\"canonical\" href=\"https:\/\/s-mammut.com\/de\/s-mammut-xs-6\/\" \/>\n<meta property=\"og:locale\" content=\"de_DE\" \/>\n<meta property=\"og:type\" content=\"article\" \/>\n<meta property=\"og:title\" content=\"s-mammut xS 6 - S Mammut Serbia\" \/>\n<meta property=\"og:description\" content=\"S-Mammut XS6 Ova kompaktna ma\u0161ina za \u010di\u0161\u0107enje je idealno re\u0161enje za odr\u017eavanje higijene u prostorima srednje veli\u010dine, kao \u0161to su [&hellip;]\" \/>\n<meta property=\"og:url\" content=\"https:\/\/s-mammut.com\/de\/s-mammut-xs-6\/\" \/>\n<meta property=\"og:site_name\" content=\"S Mammut Serbia\" \/>\n<meta property=\"article:modified_time\" content=\"2025-06-26T11:57:43+00:00\" \/>\n<meta property=\"og:image\" content=\"https:\/\/s-mammut.com\/wp-content\/uploads\/2025\/06\/s-mammut-sx6-835x1024.jpg\" \/>\n<meta name=\"twitter:card\" content=\"summary_large_image\" \/>\n<meta name=\"twitter:label1\" content=\"Gesch\u00e4tzte Lesezeit\" \/>\n\t<meta name=\"twitter:data1\" content=\"1\u00a0Minute\" \/>\n<script type=\"application\/ld+json\" class=\"yoast-schema-graph\">{\"@context\":\"https:\/\/schema.org\",\"@graph\":[{\"@type\":\"WebPage\",\"@id\":\"https:\/\/s-mammut.com\/s-mammut-xs-6\/\",\"url\":\"https:\/\/s-mammut.com\/s-mammut-xs-6\/\",\"name\":\"s-mammut xS 6 - S Mammut Serbia\",\"isPartOf\":{\"@id\":\"https:\/\/s-mammut.com\/#website\"},\"primaryImageOfPage\":{\"@id\":\"https:\/\/s-mammut.com\/s-mammut-xs-6\/#primaryimage\"},\"image\":{\"@id\":\"https:\/\/s-mammut.com\/s-mammut-xs-6\/#primaryimage\"},\"thumbnailUrl\":\"https:\/\/s-mammut.com\/wp-content\/uploads\/2025\/06\/s-mammut-sx6-835x1024.jpg\",\"datePublished\":\"2025-06-26T11:42:56+00:00\",\"dateModified\":\"2025-06-26T11:57:43+00:00\",\"breadcrumb\":{\"@id\":\"https:\/\/s-mammut.com\/s-mammut-xs-6\/#breadcrumb\"},\"inLanguage\":\"de\",\"potentialAction\":[{\"@type\":\"ReadAction\",\"target\":[\"https:\/\/s-mammut.com\/s-mammut-xs-6\/\"]}]},{\"@type\":\"ImageObject\",\"inLanguage\":\"de\",\"@id\":\"https:\/\/s-mammut.com\/s-mammut-xs-6\/#primaryimage\",\"url\":\"https:\/\/s-mammut.com\/wp-content\/uploads\/2025\/06\/s-mammut-sx6-835x1024.jpg\",\"contentUrl\":\"https:\/\/s-mammut.com\/wp-content\/uploads\/2025\/06\/s-mammut-sx6-835x1024.jpg\"},{\"@type\":\"BreadcrumbList\",\"@id\":\"https:\/\/s-mammut.com\/s-mammut-xs-6\/#breadcrumb\",\"itemListElement\":[{\"@type\":\"ListItem\",\"position\":1,\"name\":\"Home\",\"item\":\"https:\/\/s-mammut.com\/\"},{\"@type\":\"ListItem\",\"position\":2,\"name\":\"s-mammut xS 6\"}]},{\"@type\":\"WebSite\",\"@id\":\"https:\/\/s-mammut.com\/#website\",\"url\":\"https:\/\/s-mammut.com\/\",\"name\":\"S Mammut Serbia\",\"description\":\"\",\"publisher\":{\"@id\":\"https:\/\/s-mammut.com\/#organization\"},\"potentialAction\":[{\"@type\":\"SearchAction\",\"target\":{\"@type\":\"EntryPoint\",\"urlTemplate\":\"https:\/\/s-mammut.com\/?s={search_term_string}\"},\"query-input\":{\"@type\":\"PropertyValueSpecification\",\"valueRequired\":true,\"valueName\":\"search_term_string\"}}],\"inLanguage\":\"de\"},{\"@type\":\"Organization\",\"@id\":\"https:\/\/s-mammut.com\/#organization\",\"name\":\"S Mammut Serbia\",\"url\":\"https:\/\/s-mammut.com\/\",\"logo\":{\"@type\":\"ImageObject\",\"inLanguage\":\"de\",\"@id\":\"https:\/\/s-mammut.com\/#\/schema\/logo\/image\/\",\"url\":\"https:\/\/s-mammut.com\/wp-content\/uploads\/2024\/01\/s-mammut-facility.png\",\"contentUrl\":\"https:\/\/s-mammut.com\/wp-content\/uploads\/2024\/01\/s-mammut-facility.png\",\"width\":500,\"height\":515,\"caption\":\"S Mammut Serbia\"},\"image\":{\"@id\":\"https:\/\/s-mammut.com\/#\/schema\/logo\/image\/\"}}]}<\/script>\n<!-- \/ Yoast SEO plugin. -->","yoast_head_json":{"title":"s-mammut xS 6 - S Mammut Serbia","robots":{"index":"index","follow":"follow","max-snippet":"max-snippet:-1","max-image-preview":"max-image-preview:large","max-video-preview":"max-video-preview:-1"},"canonical":"https:\/\/s-mammut.com\/de\/s-mammut-xs-6\/","og_locale":"de_DE","og_type":"article","og_title":"s-mammut xS 6 - S Mammut Serbia","og_description":"S-Mammut XS6 Ova kompaktna ma\u0161ina za \u010di\u0161\u0107enje je idealno re\u0161enje za odr\u017eavanje higijene u prostorima srednje veli\u010dine, kao \u0161to su [&hellip;]","og_url":"https:\/\/s-mammut.com\/de\/s-mammut-xs-6\/","og_site_name":"S Mammut Serbia","article_modified_time":"2025-06-26T11:57:43+00:00","og_image":[{"url":"https:\/\/s-mammut.com\/wp-content\/uploads\/2025\/06\/s-mammut-sx6-835x1024.jpg","type":"","width":"","height":""}],"twitter_card":"summary_large_image","twitter_misc":{"Gesch\u00e4tzte Lesezeit":"1\u00a0Minute"},"schema":{"@context":"https:\/\/schema.org","@graph":[{"@type":"WebPage","@id":"https:\/\/s-mammut.com\/s-mammut-xs-6\/","url":"https:\/\/s-mammut.com\/s-mammut-xs-6\/","name":"s-mammut xS 6 - S Mammut Serbia","isPartOf":{"@id":"https:\/\/s-mammut.com\/#website"},"primaryImageOfPage":{"@id":"https:\/\/s-mammut.com\/s-mammut-xs-6\/#primaryimage"},"image":{"@id":"https:\/\/s-mammut.com\/s-mammut-xs-6\/#primaryimage"},"thumbnailUrl":"https:\/\/s-mammut.com\/wp-content\/uploads\/2025\/06\/s-mammut-sx6-835x1024.jpg","datePublished":"2025-06-26T11:42:56+00:00","dateModified":"2025-06-26T11:57:43+00:00","breadcrumb":{"@id":"https:\/\/s-mammut.com\/s-mammut-xs-6\/#breadcrumb"},"inLanguage":"de","potentialAction":[{"@type":"ReadAction","target":["https:\/\/s-mammut.com\/s-mammut-xs-6\/"]}]},{"@type":"ImageObject","inLanguage":"de","@id":"https:\/\/s-mammut.com\/s-mammut-xs-6\/#primaryimage","url":"https:\/\/s-mammut.com\/wp-content\/uploads\/2025\/06\/s-mammut-sx6-835x1024.jpg","contentUrl":"https:\/\/s-mammut.com\/wp-content\/uploads\/2025\/06\/s-mammut-sx6-835x1024.jpg"},{"@type":"BreadcrumbList","@id":"https:\/\/s-mammut.com\/s-mammut-xs-6\/#breadcrumb","itemListElement":[{"@type":"ListItem","position":1,"name":"Home","item":"https:\/\/s-mammut.com\/"},{"@type":"ListItem","position":2,"name":"s-mammut xS 6"}]},{"@type":"WebSite","@id":"https:\/\/s-mammut.com\/#website","url":"https:\/\/s-mammut.com\/","name":"S Mammut Serbia","description":"","publisher":{"@id":"https:\/\/s-mammut.com\/#organization"},"potentialAction":[{"@type":"SearchAction","target":{"@type":"EntryPoint","urlTemplate":"https:\/\/s-mammut.com\/?s={search_term_string}"},"query-input":{"@type":"PropertyValueSpecification","valueRequired":true,"valueName":"search_term_string"}}],"inLanguage":"de"},{"@type":"Organization","@id":"https:\/\/s-mammut.com\/#organization","name":"S Mammut Serbia","url":"https:\/\/s-mammut.com\/","logo":{"@type":"ImageObject","inLanguage":"de","@id":"https:\/\/s-mammut.com\/#\/schema\/logo\/image\/","url":"https:\/\/s-mammut.com\/wp-content\/uploads\/2024\/01\/s-mammut-facility.png","contentUrl":"https:\/\/s-mammut.com\/wp-content\/uploads\/2024\/01\/s-mammut-facility.png","width":500,"height":515,"caption":"S Mammut Serbia"},"image":{"@id":"https:\/\/s-mammut.com\/#\/schema\/logo\/image\/"}}]}},"jetpack_sharing_enabled":true,"_links":{"self":[{"href":"https:\/\/s-mammut.com\/de\/wp-json\/wp\/v2\/pages\/3864","targetHints":{"allow":["GET"]}}],"collection":[{"href":"https:\/\/s-mammut.com\/de\/wp-json\/wp\/v2\/pages"}],"about":[{"href":"https:\/\/s-mammut.com\/de\/wp-json\/wp\/v2\/types\/page"}],"author":[{"embeddable":true,"href":"https:\/\/s-mammut.com\/de\/wp-json\/wp\/v2\/users\/3"}],"replies":[{"embeddable":true,"href":"https:\/\/s-mammut.com\/de\/wp-json\/wp\/v2\/comments?post=3864"}],"version-history":[{"count":8,"href":"https:\/\/s-mammut.com\/de\/wp-json\/wp\/v2\/pages\/3864\/revisions"}],"predecessor-version":[{"id":3883,"href":"https:\/\/s-mammut.com\/de\/wp-json\/wp\/v2\/pages\/3864\/revisions\/3883"}],"wp:attachment":[{"href":"https:\/\/s-mammut.com\/de\/wp-json\/wp\/v2\/media?parent=3864"}],"curies":[{"name":"wp","href":"https:\/\/api.w.org\/{rel}","templated":true}]}}